{"id":46,"date":"2011-03-22T18:58:22","date_gmt":"2011-03-22T18:58:22","guid":{"rendered":"http:\/\/hv-gaussmann.de\/wordpress\/?page_id=46"},"modified":"2017-04-10T13:42:28","modified_gmt":"2017-04-10T13:42:28","slug":"hausverwaltung-gaussmann-willkommen","status":"publish","type":"page","link":"https:\/\/hv-gaussmann.de\/wordpress\/","title":{"rendered":"Willkommen"},"content":{"rendered":"<p class=\"main\">Willkommen bei der Hausverwaltung Gau\u00dfmann.<\/p>\n<p><strong>Hausverwaltung Gau\u00dfmann<\/strong><\/p>\n<p>Roswitha Gau\u00dfmann<br \/>\nM\u00fcnchener Str. 17<br \/>\n93326 Abensberg<\/p>\n<p><a href=\"mailto:kontakt@hv-gaussmann.de\">kontakt@hv-gaussmann.de<\/a><\/p>\n<p>Diese Seite befindet sich im Aufbau, bitte besuchen Sie uns sp\u00e4ter noch einmal.<\/p>\n","protected":false},"excerpt":{"rendered":"<p>Willkommen bei der Hausverwaltung Gau\u00dfmann. Hausverwaltung Gau\u00dfmann Roswitha Gau\u00dfmann M\u00fcnchener Str. 17 93326 Abensberg kontakt@hv-gaussmann.de Diese Seite befindet sich im Aufbau, bitte besuchen Sie uns sp\u00e4ter noch einmal.<\/p>\n","protected":false},"author":2,"featured_media":0,"parent":0,"menu_order":1,"comment_status":"closed","ping_status":"closed","template":"","meta":{"footnotes":""},"class_list":["post-46","page","type-page","status-publish","hentry"],"_links":{"self":[{"href":"https:\/\/hv-gaussmann.de\/wordpress\/index.php?rest_route=\/wp\/v2\/pages\/46","targetHints":{"allow":["GET"]}}],"collection":[{"href":"https:\/\/hv-gaussmann.de\/wordpress\/index.php?rest_route=\/wp\/v2\/pages"}],"about":[{"href":"https:\/\/hv-gaussmann.de\/wordpress\/index.php?rest_route=\/wp\/v2\/types\/page"}],"author":[{"embeddable":true,"href":"https:\/\/hv-gaussmann.de\/wordpress\/index.php?rest_route=\/wp\/v2\/users\/2"}],"replies":[{"embeddable":true,"href":"https:\/\/hv-gaussmann.de\/wordpress\/index.php?rest_route=%2Fwp%2Fv2%2Fcomments&post=46"}],"version-history":[{"count":2,"href":"https:\/\/hv-gaussmann.de\/wordpress\/index.php?rest_route=\/wp\/v2\/pages\/46\/revisions"}],"predecessor-version":[{"id":162,"href":"https:\/\/hv-gaussmann.de\/wordpress\/index.php?rest_route=\/wp\/v2\/pages\/46\/revisions\/162"}],"wp:attachment":[{"href":"https:\/\/hv-gaussmann.de\/wordpress\/index.php?rest_route=%2Fwp%2Fv2%2Fmedia&parent=46"}],"curies":[{"name":"wp","href":"https:\/\/api.w.org\/{rel}","templated":true}]}}